{"id":1945,"date":"2025-09-26T03:00:39","date_gmt":"2025-09-26T03:00:39","guid":{"rendered":"https:\/\/www.topcoach.se\/anvandarvillkor\/"},"modified":"2026-01-13T03:31:39","modified_gmt":"2026-01-13T03:31:39","slug":"anvandarvillkor","status":"publish","type":"page","link":"https:\/\/www.topcoach.se\/sv\/anvandarvillkor\/","title":{"rendered":"ANV\u00c4NDARVILLKOR"},"content":{"rendered":"<p>[et_pb_section fb_built=&#8221;1&#8243; _builder_version=&#8221;4.27.4&#8243; _module_preset=&#8221;%22default%22&#8243; background_color=&#8221;#1a1a1a&#8221; background_image=&#8221;https:\/\/www.topcoach.se\/wp-content\/uploads\/2025\/09\/Image-Container-1.png&#8221; background_last_edited=&#8221;on|phone&#8221; background_enable_image_phone=&#8221;off&#8221; global_colors_info=&#8221;{}&#8221;][et_pb_row _builder_version=&#8221;4.27.4&#8243; _module_preset=&#8221;default&#8221; width=&#8221;90%&#8221; max_width=&#8221;100%&#8221; custom_margin_tablet=&#8221;&#8221; custom_margin_phone=&#8221;||||false|false&#8221; custom_margin_last_edited=&#8221;on|desktop&#8221; global_colors_info=&#8221;{}&#8221;][et_pb_column type=&#8221;4_4&#8243; _builder_version=&#8221;4.27.4&#8243; _module_preset=&#8221;default&#8221; global_colors_info=&#8221;{}&#8221;][et_pb_code _builder_version=&#8221;4.27.4&#8243; _module_preset=&#8221;default&#8221; hover_enabled=&#8221;0&#8243; global_colors_info=&#8221;{}&#8221; sticky_enabled=&#8221;0&#8243;]<div class=\"custom-text-before-wrap_start\"><div class=\"custom-text-before-mobile-icon\" style=\"font-weight:800;\">\n         <span class=\"yellow\"> ANV\u00c4NDARVILLKOR<\/span>\n            <\/div>\n    <\/div>\n    [\/et_pb_code][et_pb_text module_class=&#8221;font-weight-400&#8243; _builder_version=&#8221;4.27.4&#8243; _module_preset=&#8221;default&#8221; text_font=&#8221;Outfit||||||||&#8221; text_text_color=&#8221;#FFFFFF&#8221; text_font_size=&#8221;20px&#8221; text_line_height=&#8221;34px&#8221; custom_css_free_form=&#8221;.font-weight-400 {font-weight:400;}&#8221; global_colors_info=&#8221;{}&#8221;]<\/p>\n<p>Giltighetsdatum: 18 juni 2024<br \/>Godk\u00e4nnande av villkor<br \/>Genom att anv\u00e4nda TopCoach godk\u00e4nner du dessa villkor.<br \/>Anv\u00e4ndarkonton<br \/>Ange korrekt information. Du \u00e4r ansvarig f\u00f6r din kontos\u00e4kerhet.<br \/>Anv\u00e4ndning av appen<br \/>Anv\u00e4nd appen endast f\u00f6r personliga \u00e4ndam\u00e5l. Olaglig anv\u00e4ndning \u00e4r f\u00f6rbjuden.<br \/>Betalningar<br \/>Abonnemangsavgifter \u00e5terbetalas inte, f\u00f6rutom vid faktureringsfel.<br \/>Anv\u00e4ndarbeteende<br \/>Inget ol\u00e4mpligt inneh\u00e5ll. Trakasserier leder till avst\u00e4ngning av kontot.<br \/>Immateriell egendom<br \/>Inneh\u00e5llet \u00e4r skyddat. Reproducera inte utan tillst\u00e5nd.<br \/>Upps\u00e4gning<br \/>Vi kan st\u00e4nga av konton vid \u00f6vertr\u00e4delser.<br \/>Friskrivning g\u00e4llande h\u00e4lsa<br \/>TopCoach ger allm\u00e4nna r\u00e5d om tr\u00e4ning. R\u00e5dfr\u00e5ga en l\u00e4kare innan du p\u00e5b\u00f6rjar nya program.<br \/>Anv\u00e4ndarens ansvar<br \/>Sluta om du upplever sm\u00e4rta och s\u00f6k medicinsk r\u00e5dgivning.<br \/>Kontakta oss<br \/>Adress<br \/>G\u00f6sta Lindells V\u00e4g 41<br \/>141 68 Huddinge<br \/>Stockholm<br \/>Sweden<br \/>Telefonnummer<br \/>+46 704233229<br \/>E-post<br \/>jonny.larsson09@gmail.com<\/p>\n<p>[\/et_pb_text][\/et_pb_column][\/et_pb_row][\/et_pb_section]<\/p>\n","protected":false},"excerpt":{"rendered":"<p><div class=\"custom-text-before-wrap_start\"><div class=\"custom-text-before-mobile-icon\" style=\"font-weight:800;\">\n         <span class=\"yellow\"> ANV\u00c4NDARVILLKOR<\/span>\n            <\/div>\n    <\/div>\n    Giltighetsdatum: 18 juni 2024Godk\u00e4nnande av villkorGenom att anv\u00e4nda TopCoach godk\u00e4nner du dessa villkor.Anv\u00e4ndarkontonAnge korrekt information. Du \u00e4r ansvarig f\u00f6r din kontos\u00e4kerhet.Anv\u00e4ndning av appenAnv\u00e4nd appen endast f\u00f6r personliga \u00e4ndam\u00e5l. Olaglig anv\u00e4ndning \u00e4r f\u00f6rbjuden.BetalningarAbonnemangsavgifter \u00e5terbetalas inte, f\u00f6rutom vid faktureringsfel.Anv\u00e4ndarbeteendeInget ol\u00e4mpligt inneh\u00e5ll. Trakasserier leder till avst\u00e4ngning av kontot.Immateriell egendomInneh\u00e5llet \u00e4r skyddat. Reproducera inte utan tillst\u00e5nd.Upps\u00e4gningVi kan st\u00e4nga av konton vid \u00f6vertr\u00e4delser.Friskrivning g\u00e4llande h\u00e4lsaTopCoach ger allm\u00e4nna r\u00e5d om tr\u00e4ning. R\u00e5dfr\u00e5ga en l\u00e4kare innan du p\u00e5b\u00f6rjar nya program.Anv\u00e4ndarens ansvarSluta om du upplever sm\u00e4rta och s\u00f6k medicinsk r\u00e5dgivning.Kontakta ossAdressG\u00f6sta Lindells V\u00e4g 41141 68 HuddingeStockholmSwedenTelefonnummer+46 704233229E-postjonny.larsson09@gmail.com<\/p>\n","protected":false},"author":3,"featured_media":0,"parent":0,"menu_order":0,"comment_status":"closed","ping_status":"closed","template":"","meta":{"_et_pb_use_builder":"on","_et_pb_old_content":"","_et_gb_content_width":"","footnotes":""},"class_list":["post-1945","page","type-page","status-publish","hentry"],"yoast_head":"<!-- This site is optimized with the Yoast SEO plugin v26.7 - https:\/\/yoast.com\/wordpress\/plugins\/seo\/ -->\n<title>ANV\u00c4NDARVILLKOR - TopCoach<\/title>\n<meta name=\"robots\" content=\"noindex, follow, max-snippet:-1, max-image-preview:large, max-video-preview:-1\" \/>\n<meta property=\"og:locale\" content=\"sv_SE\" \/>\n<meta property=\"og:type\" content=\"article\" \/>\n<meta property=\"og:title\" content=\"ANV\u00c4NDARVILLKOR - TopCoach\" \/>\n<meta property=\"og:description\" content=\"Giltighetsdatum: 18 juni 2024Godk\u00e4nnande av villkorGenom att anv\u00e4nda TopCoach godk\u00e4nner du dessa villkor.Anv\u00e4ndarkontonAnge korrekt information. Du \u00e4r ansvarig f\u00f6r din kontos\u00e4kerhet.Anv\u00e4ndning av appenAnv\u00e4nd appen endast f\u00f6r personliga \u00e4ndam\u00e5l. Olaglig anv\u00e4ndning \u00e4r f\u00f6rbjuden.BetalningarAbonnemangsavgifter \u00e5terbetalas inte, f\u00f6rutom vid faktureringsfel.Anv\u00e4ndarbeteendeInget ol\u00e4mpligt inneh\u00e5ll. Trakasserier leder till avst\u00e4ngning av kontot.Immateriell egendomInneh\u00e5llet \u00e4r skyddat. Reproducera inte utan tillst\u00e5nd.Upps\u00e4gningVi kan st\u00e4nga av konton vid \u00f6vertr\u00e4delser.Friskrivning g\u00e4llande h\u00e4lsaTopCoach ger allm\u00e4nna r\u00e5d om tr\u00e4ning. R\u00e5dfr\u00e5ga en l\u00e4kare innan du p\u00e5b\u00f6rjar nya program.Anv\u00e4ndarens ansvarSluta om du upplever sm\u00e4rta och s\u00f6k medicinsk r\u00e5dgivning.Kontakta ossAdressG\u00f6sta Lindells V\u00e4g 41141 68 HuddingeStockholmSwedenTelefonnummer+46 704233229E-postjonny.larsson09@gmail.com\" \/>\n<meta property=\"og:url\" content=\"https:\/\/www.topcoach.se\/sv\/anvandarvillkor\/\" \/>\n<meta property=\"og:site_name\" content=\"TopCoach\" \/>\n<meta property=\"article:modified_time\" content=\"2026-01-13T03:31:39+00:00\" \/>\n<meta name=\"twitter:card\" content=\"summary_large_image\" \/>\n<meta name=\"twitter:label1\" content=\"Ber\u00e4knad l\u00e4stid\" \/>\n\t<meta name=\"twitter:data1\" content=\"1 minut\" \/>\n<script type=\"application\/ld+json\" class=\"yoast-schema-graph\">{\"@context\":\"https:\/\/schema.org\",\"@graph\":[{\"@type\":\"WebPage\",\"@id\":\"https:\/\/www.topcoach.se\/sv\/anvandarvillkor\/\",\"url\":\"https:\/\/www.topcoach.se\/sv\/anvandarvillkor\/\",\"name\":\"ANV\u00c4NDARVILLKOR - TopCoach\",\"isPartOf\":{\"@id\":\"https:\/\/www.topcoach.se\/#website\"},\"datePublished\":\"2025-09-26T03:00:39+00:00\",\"dateModified\":\"2026-01-13T03:31:39+00:00\",\"breadcrumb\":{\"@id\":\"https:\/\/www.topcoach.se\/sv\/anvandarvillkor\/#breadcrumb\"},\"inLanguage\":\"sv-SE\",\"potentialAction\":[{\"@type\":\"ReadAction\",\"target\":[\"https:\/\/www.topcoach.se\/sv\/anvandarvillkor\/\"]}]},{\"@type\":\"BreadcrumbList\",\"@id\":\"https:\/\/www.topcoach.se\/sv\/anvandarvillkor\/#breadcrumb\",\"itemListElement\":[{\"@type\":\"ListItem\",\"position\":1,\"name\":\"Home\",\"item\":\"https:\/\/www.topcoach.se\/sv\/\"},{\"@type\":\"ListItem\",\"position\":2,\"name\":\"ANV\u00c4NDARVILLKOR\"}]},{\"@type\":\"WebSite\",\"@id\":\"https:\/\/www.topcoach.se\/#website\",\"url\":\"https:\/\/www.topcoach.se\/\",\"name\":\"TopCoach\",\"description\":\"\",\"potentialAction\":[{\"@type\":\"SearchAction\",\"target\":{\"@type\":\"EntryPoint\",\"urlTemplate\":\"https:\/\/www.topcoach.se\/?s={search_term_string}\"},\"query-input\":{\"@type\":\"PropertyValueSpecification\",\"valueRequired\":true,\"valueName\":\"search_term_string\"}}],\"inLanguage\":\"sv-SE\"}]}<\/script>\n<!-- \/ Yoast SEO plugin. -->","yoast_head_json":{"title":"ANV\u00c4NDARVILLKOR - TopCoach","robots":{"index":"noindex","follow":"follow","max-snippet":"max-snippet:-1","max-image-preview":"max-image-preview:large","max-video-preview":"max-video-preview:-1"},"og_locale":"sv_SE","og_type":"article","og_title":"ANV\u00c4NDARVILLKOR - TopCoach","og_description":"Giltighetsdatum: 18 juni 2024Godk\u00e4nnande av villkorGenom att anv\u00e4nda TopCoach godk\u00e4nner du dessa villkor.Anv\u00e4ndarkontonAnge korrekt information. Du \u00e4r ansvarig f\u00f6r din kontos\u00e4kerhet.Anv\u00e4ndning av appenAnv\u00e4nd appen endast f\u00f6r personliga \u00e4ndam\u00e5l. Olaglig anv\u00e4ndning \u00e4r f\u00f6rbjuden.BetalningarAbonnemangsavgifter \u00e5terbetalas inte, f\u00f6rutom vid faktureringsfel.Anv\u00e4ndarbeteendeInget ol\u00e4mpligt inneh\u00e5ll. Trakasserier leder till avst\u00e4ngning av kontot.Immateriell egendomInneh\u00e5llet \u00e4r skyddat. Reproducera inte utan tillst\u00e5nd.Upps\u00e4gningVi kan st\u00e4nga av konton vid \u00f6vertr\u00e4delser.Friskrivning g\u00e4llande h\u00e4lsaTopCoach ger allm\u00e4nna r\u00e5d om tr\u00e4ning. R\u00e5dfr\u00e5ga en l\u00e4kare innan du p\u00e5b\u00f6rjar nya program.Anv\u00e4ndarens ansvarSluta om du upplever sm\u00e4rta och s\u00f6k medicinsk r\u00e5dgivning.Kontakta ossAdressG\u00f6sta Lindells V\u00e4g 41141 68 HuddingeStockholmSwedenTelefonnummer+46 704233229E-postjonny.larsson09@gmail.com","og_url":"https:\/\/www.topcoach.se\/sv\/anvandarvillkor\/","og_site_name":"TopCoach","article_modified_time":"2026-01-13T03:31:39+00:00","twitter_card":"summary_large_image","twitter_misc":{"Ber\u00e4knad l\u00e4stid":"1 minut"},"schema":{"@context":"https:\/\/schema.org","@graph":[{"@type":"WebPage","@id":"https:\/\/www.topcoach.se\/sv\/anvandarvillkor\/","url":"https:\/\/www.topcoach.se\/sv\/anvandarvillkor\/","name":"ANV\u00c4NDARVILLKOR - TopCoach","isPartOf":{"@id":"https:\/\/www.topcoach.se\/#website"},"datePublished":"2025-09-26T03:00:39+00:00","dateModified":"2026-01-13T03:31:39+00:00","breadcrumb":{"@id":"https:\/\/www.topcoach.se\/sv\/anvandarvillkor\/#breadcrumb"},"inLanguage":"sv-SE","potentialAction":[{"@type":"ReadAction","target":["https:\/\/www.topcoach.se\/sv\/anvandarvillkor\/"]}]},{"@type":"BreadcrumbList","@id":"https:\/\/www.topcoach.se\/sv\/anvandarvillkor\/#breadcrumb","itemListElement":[{"@type":"ListItem","position":1,"name":"Home","item":"https:\/\/www.topcoach.se\/sv\/"},{"@type":"ListItem","position":2,"name":"ANV\u00c4NDARVILLKOR"}]},{"@type":"WebSite","@id":"https:\/\/www.topcoach.se\/#website","url":"https:\/\/www.topcoach.se\/","name":"TopCoach","description":"","potentialAction":[{"@type":"SearchAction","target":{"@type":"EntryPoint","urlTemplate":"https:\/\/www.topcoach.se\/?s={search_term_string}"},"query-input":{"@type":"PropertyValueSpecification","valueRequired":true,"valueName":"search_term_string"}}],"inLanguage":"sv-SE"}]}},"_links":{"self":[{"href":"https:\/\/www.topcoach.se\/sv\/wp-json\/wp\/v2\/pages\/1945","targetHints":{"allow":["GET"]}}],"collection":[{"href":"https:\/\/www.topcoach.se\/sv\/wp-json\/wp\/v2\/pages"}],"about":[{"href":"https:\/\/www.topcoach.se\/sv\/wp-json\/wp\/v2\/types\/page"}],"author":[{"embeddable":true,"href":"https:\/\/www.topcoach.se\/sv\/wp-json\/wp\/v2\/users\/3"}],"replies":[{"embeddable":true,"href":"https:\/\/www.topcoach.se\/sv\/wp-json\/wp\/v2\/comments?post=1945"}],"version-history":[{"count":4,"href":"https:\/\/www.topcoach.se\/sv\/wp-json\/wp\/v2\/pages\/1945\/revisions"}],"predecessor-version":[{"id":2040,"href":"https:\/\/www.topcoach.se\/sv\/wp-json\/wp\/v2\/pages\/1945\/revisions\/2040"}],"wp:attachment":[{"href":"https:\/\/www.topcoach.se\/sv\/wp-json\/wp\/v2\/media?parent=1945"}],"curies":[{"name":"wp","href":"https:\/\/api.w.org\/{rel}","templated":true}]}}